{"id":2,"date":"2009-06-12T23:47:08","date_gmt":"2009-06-12T21:47:08","guid":{"rendered":"http:\/\/damaskfield.de\/blog\/index.php?page_id=2"},"modified":"2009-06-14T01:46:09","modified_gmt":"2009-06-13T23:46:09","slug":"about","status":"publish","type":"page","link":"http:\/\/damaskfield.de\/blog\/?page_id=2","title":{"rendered":"Eine Seite (kein Artikel)"},"content":{"rendered":"<p>Dies ist ein Beispiel einer statischen WordPress-Seite. Sie k\u00f6nnen sie bearbeiten und beispielsweise Infos \u00fcber sich oder das Weblog eingeben, damit die Leser wissen, woher Sie kommen und was Sie machen.<\/p>\n<p>Sie k\u00f6nnen entweder beliebig viele Hauptseiten (wie diese hier) oder Unterseiten, die sich in der Hierachiestruktur den Hauptseiten unterordnen, anlegen. Sie k\u00f6nnen sie auch alle innerhalb von WordPress \u00e4ndern und verwalten.<\/p>\n","protected":false},"excerpt":{"rendered":"<p>Dies ist ein Beispiel einer statischen WordPress-Seite. Sie k\u00f6nnen sie bearbeiten und beispielsweise Infos \u00fcber sich oder das Weblog eingeben, damit die Leser wissen, woher Sie kommen und was Sie machen. Sie k\u00f6nnen entweder beliebig viele Hauptseiten (wie diese hier) oder Unterseiten, die sich in der Hierachiestruktur den Hauptseiten unterordnen, anlegen. Sie k\u00f6nnen sie auch [&hellip;]<\/p>\n","protected":false},"author":1,"featured_media":0,"parent":0,"menu_order":0,"comment_status":"open","ping_status":"open","template":"","meta":{"footnotes":""},"class_list":["post-2","page","type-page","status-publish","hentry"],"_links":{"self":[{"href":"http:\/\/damaskfield.de\/blog\/index.php?rest_route=\/wp\/v2\/pages\/2","targetHints":{"allow":["GET"]}}],"collection":[{"href":"http:\/\/damaskfield.de\/blog\/index.php?rest_route=\/wp\/v2\/pages"}],"about":[{"href":"http:\/\/damaskfield.de\/blog\/index.php?rest_route=\/wp\/v2\/types\/page"}],"author":[{"embeddable":true,"href":"http:\/\/damaskfield.de\/blog\/index.php?rest_route=\/wp\/v2\/users\/1"}],"replies":[{"embeddable":true,"href":"http:\/\/damaskfield.de\/blog\/index.php?rest_route=%2Fwp%2Fv2%2Fcomments&post=2"}],"version-history":[{"count":1,"href":"http:\/\/damaskfield.de\/blog\/index.php?rest_route=\/wp\/v2\/pages\/2\/revisions"}],"predecessor-version":[{"id":16,"href":"http:\/\/damaskfield.de\/blog\/index.php?rest_route=\/wp\/v2\/pages\/2\/revisions\/16"}],"wp:attachment":[{"href":"http:\/\/damaskfield.de\/blog\/index.php?rest_route=%2Fwp%2Fv2%2Fmedia&parent=2"}],"curies":[{"name":"wp","href":"https:\/\/api.w.org\/{rel}","templated":true}]}}